{"id":3340,"date":"2025-11-02T13:12:33","date_gmt":"2025-11-02T13:12:33","guid":{"rendered":"https:\/\/sachsenakupunktur.de\/?page_id=3340"},"modified":"2025-11-03T06:06:25","modified_gmt":"2025-11-03T06:06:25","slug":"schmerztherapie","status":"publish","type":"page","link":"https:\/\/sachsenakupunktur.de\/?page_id=3340","title":{"rendered":"Schmerztherapie"},"content":{"rendered":"\t\t<div data-elementor-type=\"wp-page\" data-elementor-id=\"3340\" class=\"elementor elementor-3340\">\n\t\t\t\t\t\t<section class=\"elementor-section elementor-top-section elementor-element elementor-element-1ec503ca elementor-section-boxed elementor-section-height-default elementor-section-height-default\" data-id=\"1ec503ca\" data-element_type=\"section\" data-e-type=\"section\" data-settings=\"{&quot;background_background&quot;:&quot;classic&quot;,&quot;shape_divider_top&quot;:&quot;opacity-fan&quot;}\">\n\t\t\t\t\t<div class=\"elementor-shape elementor-shape-top\" aria-hidden=\"true\" data-negative=\"false\">\n\t\t\t<svg xmlns=\"http:\/\/www.w3.org\/2000\/svg\" viewBox=\"0 0 283.5 19.6\" preserveAspectRatio=\"none\">\n\t<path class=\"elementor-shape-fill\" style=\"opacity:0.33\" d=\"M0 0L0 18.8 141.8 4.1 283.5 18.8 283.5 0z\"\/>\n\t<path class=\"elementor-shape-fill\" style=\"opacity:0.33\" d=\"M0 0L0 12.6 141.8 4 283.5 12.6 283.5 0z\"\/>\n\t<path class=\"elementor-shape-fill\" style=\"opacity:0.33\" d=\"M0 0L0 6.4 141.8 4 283.5 6.4 283.5 0z\"\/>\n\t<path class=\"elementor-shape-fill\" d=\"M0 0L0 1.2 141.8 4 283.5 1.2 283.5 0z\"\/>\n<\/svg>\t\t<\/div>\n\t\t\t\t\t<div class=\"elementor-container elementor-column-gap-default\">\n\t\t\t\t\t<div class=\"elementor-column elementor-col-50 elementor-top-column elementor-element elementor-element-32829e4a\" data-id=\"32829e4a\" data-element_type=\"column\" data-e-type=\"column\">\n\t\t\t<div class=\"elementor-widget-wrap elementor-element-populated\">\n\t\t\t\t\t\t<div class=\"elementor-element elementor-element-2d10d6b2 elementor-align-center elementor-widget elementor-widget-button\" data-id=\"2d10d6b2\" data-element_type=\"widget\" data-e-type=\"widget\" data-widget_type=\"button.default\">\n\t\t\t\t<div class=\"elementor-widget-container\">\n\t\t\t\t\t\t\t\t\t<div class=\"elementor-button-wrapper\">\n\t\t\t\t\t<a class=\"elementor-button elementor-size-sm\" role=\"button\">\n\t\t\t\t\t\t<span class=\"elementor-button-content-wrapper\">\n\t\t\t\t\t\t\t\t\t<span class=\"elementor-button-text\">Mitf\u00fchlend. Fachkundig. Ursachen-orientiert.<\/span>\n\t\t\t\t\t<\/span>\n\t\t\t\t\t<\/a>\n\t\t\t\t<\/div>\n\t\t\t\t\t\t\t\t<\/div>\n\t\t\t\t<\/div>\n\t\t\t\t\t<\/div>\n\t\t<\/div>\n\t\t\t\t<div class=\"elementor-column elementor-col-50 elementor-top-column elementor-element elementor-element-591782e8\" data-id=\"591782e8\" data-element_type=\"column\" data-e-type=\"column\">\n\t\t\t<div class=\"elementor-widget-wrap elementor-element-populated\">\n\t\t\t\t\t\t<div class=\"elementor-element elementor-element-14e18d72 elementor-align-center elementor-tablet-align-center elementor-widget__width-initial elementor-widget elementor-widget-button\" data-id=\"14e18d72\" data-element_type=\"widget\" data-e-type=\"widget\" data-widget_type=\"button.default\">\n\t\t\t\t<div class=\"elementor-widget-container\">\n\t\t\t\t\t\t\t\t\t<div class=\"elementor-button-wrapper\">\n\t\t\t\t\t<a class=\"elementor-button elementor-button-link elementor-size-lg\" href=\"https:\/\/sachsenakupunktur.de\/?page_id=24\" id=\"Termin\">\n\t\t\t\t\t\t<span class=\"elementor-button-content-wrapper\">\n\t\t\t\t\t\t<span class=\"elementor-button-icon\">\n\t\t\t\t<i aria-hidden=\"true\" class=\"fas fa-angle-double-right\"><\/i>\t\t\t<\/span>\n\t\t\t\t\t\t\t\t\t<span class=\"elementor-button-text\">Termin holen<\/span>\n\t\t\t\t\t<\/span>\n\t\t\t\t\t<\/a>\n\t\t\t\t<\/div>\n\t\t\t\t\t\t\t\t<\/div>\n\t\t\t\t<\/div>\n\t\t\t\t\t<\/div>\n\t\t<\/div>\n\t\t\t\t\t<\/div>\n\t\t<\/section>\n\t\t\t\t<section class=\"elementor-section elementor-top-section elementor-element elementor-element-7920719 elementor-section-content-middle elementor-section-boxed elementor-section-height-default elementor-section-height-default\" data-id=\"7920719\" data-element_type=\"section\" data-e-type=\"section\" data-settings=\"{&quot;background_background&quot;:&quot;classic&quot;}\">\n\t\t\t\t\t\t<div class=\"elementor-container elementor-column-gap-default\">\n\t\t\t\t\t<div class=\"elementor-column elementor-col-100 elementor-top-column elementor-element elementor-element-bcd9f59\" data-id=\"bcd9f59\" data-element_type=\"column\" data-e-type=\"column\">\n\t\t\t<div class=\"elementor-widget-wrap elementor-element-populated\">\n\t\t\t\t\t\t<div class=\"elementor-element elementor-element-f0c4106 elementor-widget elementor-widget-text-editor\" data-id=\"f0c4106\" data-element_type=\"widget\" data-e-type=\"widget\" data-widget_type=\"text-editor.default\">\n\t\t\t\t<div class=\"elementor-widget-container\">\n\t\t\t\t\t\t\t\t\t<h1>Schmerztherapie mit Akupunktur und TCM<\/h1>\t\t\t\t\t\t\t\t<\/div>\n\t\t\t\t<\/div>\n\t\t\t\t<div class=\"elementor-element elementor-element-8711954 elementor-widget elementor-widget-image\" data-id=\"8711954\" data-element_type=\"widget\" data-e-type=\"widget\" data-widget_type=\"image.default\">\n\t\t\t\t<div class=\"elementor-widget-container\">\n\t\t\t\t\t\t\t\t\t\t\t\t\t\t\t<img fetchpriority=\"high\" decoding=\"async\" width=\"286\" height=\"300\" src=\"https:\/\/sachsenakupunktur.de\/wp-content\/uploads\/2025\/11\/Behandlung_Sachsenakupunktur_Schmerz_300-286x300.jpg\" class=\"attachment-medium size-medium wp-image-3433\" alt=\"Schmerztherapie_Sachsenakupunktur\" srcset=\"https:\/\/sachsenakupunktur.de\/wp-content\/uploads\/2025\/11\/Behandlung_Sachsenakupunktur_Schmerz_300-286x300.jpg 286w, https:\/\/sachsenakupunktur.de\/wp-content\/uploads\/2025\/11\/Behandlung_Sachsenakupunktur_Schmerz_300-768x807.jpg 768w, https:\/\/sachsenakupunktur.de\/wp-content\/uploads\/2025\/11\/Behandlung_Sachsenakupunktur_Schmerz_300.jpg 809w\" sizes=\"(max-width: 286px) 100vw, 286px\" \/>\t\t\t\t\t\t\t\t\t\t\t\t\t\t\t<\/div>\n\t\t\t\t<\/div>\n\t\t\t\t\t<\/div>\n\t\t<\/div>\n\t\t\t\t\t<\/div>\n\t\t<\/section>\n\t\t\t\t<section class=\"elementor-section elementor-top-section elementor-element elementor-element-30c9caec elementor-section-boxed elementor-section-height-default elementor-section-height-default\" data-id=\"30c9caec\" data-element_type=\"section\" data-e-type=\"section\" data-settings=\"{&quot;background_background&quot;:&quot;classic&quot;}\">\n\t\t\t\t\t\t<div class=\"elementor-container elementor-column-gap-default\">\n\t\t\t\t\t<div class=\"elementor-column elementor-col-100 elementor-top-column elementor-element elementor-element-4be9a627\" data-id=\"4be9a627\" data-element_type=\"column\" data-e-type=\"column\">\n\t\t\t<div class=\"elementor-widget-wrap elementor-element-populated\">\n\t\t\t\t\t\t<div class=\"elementor-element elementor-element-70a2951b elementor-widget elementor-widget-heading\" data-id=\"70a2951b\" data-element_type=\"widget\" data-e-type=\"widget\" data-widget_type=\"heading.default\">\n\t\t\t\t<div class=\"elementor-widget-container\">\n\t\t\t\t\t<h1 class=\"elementor-heading-title elementor-size-default\">Nat\u00fcrlich. Ganzheitlich. Wirksam.<\/h1>\t\t\t\t<\/div>\n\t\t\t\t<\/div>\n\t\t\t\t\t<\/div>\n\t\t<\/div>\n\t\t\t\t\t<\/div>\n\t\t<\/section>\n\t\t\t\t<section class=\"elementor-section elementor-top-section elementor-element elementor-element-7dd59f8c elementor-section-boxed elementor-section-height-default elementor-section-height-default\" data-id=\"7dd59f8c\" data-element_type=\"section\" data-e-type=\"section\" data-settings=\"{&quot;background_background&quot;:&quot;classic&quot;}\">\n\t\t\t\t\t\t<div class=\"elementor-container elementor-column-gap-default\">\n\t\t\t\t\t<div class=\"elementor-column elementor-col-100 elementor-top-column elementor-element elementor-element-ff876e\" data-id=\"ff876e\" data-element_type=\"column\" data-e-type=\"column\">\n\t\t\t<div class=\"elementor-widget-wrap elementor-element-populated\">\n\t\t\t\t\t\t<div class=\"elementor-element elementor-element-2ea6e42d elementor-widget elementor-widget-text-editor\" data-id=\"2ea6e42d\" data-element_type=\"widget\" data-e-type=\"widget\" data-widget_type=\"text-editor.default\">\n\t\t\t\t<div class=\"elementor-widget-container\">\n\t\t\t\t\t\t\t\t\t<p data-start=\"376\" data-end=\"647\">Schmerzen sind ein Warnsignal des K\u00f6rpers \u2013 sie zeigen, dass etwas aus dem Gleichgewicht geraten ist. Ob akute oder chronische Beschwerden: Wenn Schmerzen \u00fcber l\u00e4ngere Zeit bestehen, beeinflussen sie nicht nur den K\u00f6rper, sondern auch Schlaf, Stimmung und Lebensfreude.<\/p><p data-start=\"649\" data-end=\"950\">Die <strong data-start=\"653\" data-end=\"696\">Traditionelle Chinesische Medizin (TCM)<\/strong> betrachtet Schmerzen als Ausdruck einer Blockade des Energieflusses (Qi) im K\u00f6rper. Ziel der Akupunktur ist es, diesen Fluss wiederherzustellen, Spannungen zu l\u00f6sen und die Selbstheilungskr\u00e4fte zu aktivieren \u2013 sanft, nat\u00fcrlich und ohne Nebenwirkungen.<\/p><hr data-start=\"952\" data-end=\"955\" \/><h3 data-start=\"957\" data-end=\"997\">Wie Akupunktur bei Schmerzen wirkt<\/h3><p data-start=\"999\" data-end=\"1138\">Mit feinsten Nadeln werden gezielt Akupunkturpunkte stimuliert, die in Verbindung mit Muskeln, Nerven und Organen stehen. Dadurch k\u00f6nnen:<\/p><ul data-start=\"1140\" data-end=\"1373\"><li data-start=\"1140\" data-end=\"1187\"><p data-start=\"1142\" data-end=\"1187\">Schmerzen und Entz\u00fcndungen gelindert werden<\/p><\/li><li data-start=\"1188\" data-end=\"1239\"><p data-start=\"1190\" data-end=\"1239\">Durchblutung und Stoffwechsel verbessert werden<\/p><\/li><li data-start=\"1240\" data-end=\"1274\"><p data-start=\"1242\" data-end=\"1274\">Muskeln und Gelenke entspannen<\/p><\/li><li data-start=\"1275\" data-end=\"1315\"><p data-start=\"1277\" data-end=\"1315\">der Energiefluss harmonisiert werden<\/p><\/li><li data-start=\"1316\" data-end=\"1373\"><p data-start=\"1318\" data-end=\"1373\">das Nervensystem beruhigt und Stress reduziert werden<\/p><\/li><\/ul><p data-start=\"1375\" data-end=\"1613\">Viele Patientinnen und Patienten sp\u00fcren bereits nach wenigen Sitzungen eine deutliche Verbesserung \u2013 oft auch in Kombination mit anderen TCM-Verfahren wie <strong data-start=\"1530\" data-end=\"1545\">Moxibustion<\/strong>, <strong data-start=\"1547\" data-end=\"1560\">Schr\u00f6pfen<\/strong>, <strong data-start=\"1562\" data-end=\"1579\">Tuina-Massage<\/strong> oder <strong data-start=\"1585\" data-end=\"1610\">pflanzlicher Therapie<\/strong>.<\/p><hr data-start=\"1615\" data-end=\"1618\" \/><h3 data-start=\"1620\" data-end=\"1680\">Akupunktur bei akuten und chronischen Schmerzzust\u00e4nden<\/h3><p data-start=\"1682\" data-end=\"1810\">Akupunktur kann sowohl bei <strong data-start=\"1709\" data-end=\"1719\">akuten<\/strong> als auch bei <strong data-start=\"1733\" data-end=\"1758\">chronischen Schmerzen<\/strong> wirkungsvoll eingesetzt werden, zum Beispiel bei:<\/p><ul data-start=\"1812\" data-end=\"2094\"><li data-start=\"1812\" data-end=\"1857\"><p data-start=\"1814\" data-end=\"1857\"><strong data-start=\"1814\" data-end=\"1855\">R\u00fcckenschmerzen, Hexenschuss, Ischias<\/strong><\/p><\/li><li data-start=\"1858\" data-end=\"1899\"><p data-start=\"1860\" data-end=\"1899\"><strong data-start=\"1860\" data-end=\"1897\">Nacken- und Schulterverspannungen<\/strong><\/p><\/li><li data-start=\"1900\" data-end=\"1945\"><p data-start=\"1902\" data-end=\"1945\"><strong data-start=\"1902\" data-end=\"1943\">Arthrose, Gelenk- und Muskelschmerzen<\/strong><\/p><\/li><li data-start=\"1946\" data-end=\"1979\"><p data-start=\"1948\" data-end=\"1979\"><strong data-start=\"1948\" data-end=\"1977\">Kopfschmerzen und Migr\u00e4ne<\/strong><\/p><\/li><li data-start=\"1980\" data-end=\"2012\"><p data-start=\"1982\" data-end=\"2012\"><strong data-start=\"1982\" data-end=\"2010\">Menstruationsbeschwerden<\/strong><\/p><\/li><li data-start=\"2013\" data-end=\"2058\"><p data-start=\"2015\" data-end=\"2058\"><strong data-start=\"2015\" data-end=\"2056\">Tennisellenbogen, Karpaltunnelsyndrom<\/strong><\/p><\/li><li data-start=\"2059\" data-end=\"2094\"><p data-start=\"2061\" data-end=\"2094\"><strong data-start=\"2061\" data-end=\"2092\">Narben- und Nervenschmerzen<\/strong><\/p><\/li><\/ul><p data-start=\"2096\" data-end=\"2185\">Jede Behandlung wird individuell auf Ihre Beschwerden und Ihr Energieprofil abgestimmt.<\/p><hr data-start=\"2187\" data-end=\"2190\" \/><h3 data-start=\"2192\" data-end=\"2238\">Ihr Weg zur nat\u00fcrlichen Schmerzlinderung<\/h3><p data-start=\"2240\" data-end=\"2571\">In der <strong data-start=\"2247\" data-end=\"2284\">Naturheilpraxis SachsenAkupunktur<\/strong> steht der Mensch als Ganzes im Mittelpunkt. Nach einem ausf\u00fchrlichen Gespr\u00e4ch und einer Puls- und Zungendiagnose wird ein pers\u00f6nliches Behandlungskonzept erstellt. Ziel ist nicht nur die kurzfristige Linderung, sondern die <strong data-start=\"2508\" data-end=\"2568\">nachhaltige Wiederherstellung des inneren Gleichgewichts<\/strong>.<\/p><p data-start=\"2573\" data-end=\"2652\">Akupunktur kann dabei helfen, den Schmerz zu verstehen \u2013 und ihn loszulassen.<\/p><hr data-start=\"2654\" data-end=\"2657\" \/><p data-start=\"2659\" data-end=\"2785\"><strong data-start=\"2659\" data-end=\"2732\">M\u00f6chten Sie erfahren, wie Akupunktur bei Ihren Schmerzen helfen kann?<\/strong><br data-start=\"2732\" data-end=\"2735\" \/>Ich berate Sie gern pers\u00f6nlich in meiner Praxis.<\/p>\t\t\t\t\t\t\t\t<\/div>\n\t\t\t\t<\/div>\n\t\t\t\t\t<\/div>\n\t\t<\/div>\n\t\t\t\t\t<\/div>\n\t\t<\/section>\n\t\t\t\t<section class=\"elementor-section elementor-top-section elementor-element elementor-element-688d6510 elementor-section-content-middle elementor-section-boxed elementor-section-height-default elementor-section-height-default\" data-id=\"688d6510\" data-element_type=\"section\" data-e-type=\"section\" data-settings=\"{&quot;background_background&quot;:&quot;classic&quot;}\">\n\t\t\t\t\t\t<div class=\"elementor-container elementor-column-gap-default\">\n\t\t\t\t\t<div class=\"elementor-column elementor-col-100 elementor-top-column elementor-element elementor-element-234140a9\" data-id=\"234140a9\" data-element_type=\"column\" data-e-type=\"column\">\n\t\t\t<div class=\"elementor-widget-wrap elementor-element-populated\">\n\t\t\t\t\t\t<section class=\"elementor-section elementor-inner-section elementor-element elementor-element-2f0f95f2 elementor-section-boxed elementor-section-height-default elementor-section-height-default\" data-id=\"2f0f95f2\" data-element_type=\"section\" data-e-type=\"section\">\n\t\t\t\t\t\t<div class=\"elementor-container elementor-column-gap-default\">\n\t\t\t\t\t<div class=\"elementor-column elementor-col-50 elementor-inner-column elementor-element elementor-element-105f5139\" data-id=\"105f5139\" data-element_type=\"column\" data-e-type=\"column\">\n\t\t\t<div class=\"elementor-widget-wrap elementor-element-populated\">\n\t\t\t\t\t\t<div class=\"elementor-element elementor-element-1680816b elementor-widget elementor-widget-text-editor\" data-id=\"1680816b\" data-element_type=\"widget\" data-e-type=\"widget\" data-widget_type=\"text-editor.default\">\n\t\t\t\t<div class=\"elementor-widget-container\">\n\t\t\t\t\t\t\t\t\t<p>Schmerztherapie mit Akupunktur und TCM<strong><br \/><\/strong><\/p>\t\t\t\t\t\t\t\t<\/div>\n\t\t\t\t<\/div>\n\t\t\t\t\t<\/div>\n\t\t<\/div>\n\t\t\t\t<div class=\"elementor-column elementor-col-50 elementor-inner-column elementor-element elementor-element-62b1bbf7\" data-id=\"62b1bbf7\" data-element_type=\"column\" data-e-type=\"column\">\n\t\t\t<div class=\"elementor-widget-wrap elementor-element-populated\">\n\t\t\t\t\t\t<div class=\"elementor-element elementor-element-19fb6f55 elementor-align-center elementor-tablet-align-center elementor-widget__width-initial elementor-widget elementor-widget-button\" data-id=\"19fb6f55\" data-element_type=\"widget\" data-e-type=\"widget\" data-widget_type=\"button.default\">\n\t\t\t\t<div class=\"elementor-widget-container\">\n\t\t\t\t\t\t\t\t\t<div class=\"elementor-button-wrapper\">\n\t\t\t\t\t<a class=\"elementor-button elementor-button-link elementor-size-lg\" href=\"https:\/\/sachsenakupunktur.de\/?page_id=24\" id=\"Termin\">\n\t\t\t\t\t\t<span class=\"elementor-button-content-wrapper\">\n\t\t\t\t\t\t<span class=\"elementor-button-icon\">\n\t\t\t\t<i aria-hidden=\"true\" class=\"fas fa-angle-double-right\"><\/i>\t\t\t<\/span>\n\t\t\t\t\t\t\t\t\t<span class=\"elementor-button-text\">Termin holen<\/span>\n\t\t\t\t\t<\/span>\n\t\t\t\t\t<\/a>\n\t\t\t\t<\/div>\n\t\t\t\t\t\t\t\t<\/div>\n\t\t\t\t<\/div>\n\t\t\t\t\t<\/div>\n\t\t<\/div>\n\t\t\t\t\t<\/div>\n\t\t<\/section>\n\t\t\t\t\t<\/div>\n\t\t<\/div>\n\t\t\t\t\t<\/div>\n\t\t<\/section>\n\t\t\t\t<section class=\"elementor-section elementor-top-section elementor-element elementor-element-7ab3c413 elementor-section-boxed elementor-section-height-default elementor-section-height-default\" data-id=\"7ab3c413\" data-element_type=\"section\" data-e-type=\"section\">\n\t\t\t\t\t\t<div class=\"elementor-container elementor-column-gap-default\">\n\t\t\t\t\t<div class=\"elementor-column elementor-col-100 elementor-top-column elementor-element elementor-element-7eb0ff7e\" data-id=\"7eb0ff7e\" data-element_type=\"column\" data-e-type=\"column\">\n\t\t\t<div class=\"elementor-widget-wrap elementor-element-populated\">\n\t\t\t\t\t\t<section class=\"elementor-section elementor-inner-section elementor-element elementor-element-363165ca elementor-section-boxed elementor-section-height-default elementor-section-height-default\" data-id=\"363165ca\" data-element_type=\"section\" data-e-type=\"section\">\n\t\t\t\t\t\t<div class=\"elementor-container elementor-column-gap-default\">\n\t\t\t\t\t<div class=\"elementor-column elementor-col-50 elementor-inner-column elementor-element elementor-element-47389edf\" data-id=\"47389edf\" data-element_type=\"column\" data-e-type=\"column\">\n\t\t\t<div class=\"elementor-widget-wrap elementor-element-populated\">\n\t\t\t\t\t\t<div class=\"elementor-element elementor-element-5b785a0f elementor-widget elementor-widget-text-editor\" data-id=\"5b785a0f\" data-element_type=\"widget\" data-e-type=\"widget\" data-widget_type=\"text-editor.default\">\n\t\t\t\t<div class=\"elementor-widget-container\">\n\t\t\t\t\t\t\t\t\t<p>Folgen Sie mir oder abonnieren Sie meinen Kanal, um aktuell zu bleiben.\u00a0 &gt;&gt;<\/p>\t\t\t\t\t\t\t\t<\/div>\n\t\t\t\t<\/div>\n\t\t\t\t\t<\/div>\n\t\t<\/div>\n\t\t\t\t<div class=\"elementor-column elementor-col-50 elementor-inner-column elementor-element elementor-element-3ff48536\" data-id=\"3ff48536\" data-element_type=\"column\" data-e-type=\"column\">\n\t\t\t<div class=\"elementor-widget-wrap elementor-element-populated\">\n\t\t\t\t\t\t<div class=\"elementor-element elementor-element-4087808d e-grid-align-right e-grid-align-mobile-center elementor-shape-rounded elementor-grid-0 elementor-widget elementor-widget-social-icons\" data-id=\"4087808d\" data-element_type=\"widget\" data-e-type=\"widget\" data-widget_type=\"social-icons.default\">\n\t\t\t\t<div class=\"elementor-widget-container\">\n\t\t\t\t\t\t\t<div class=\"elementor-social-icons-wrapper elementor-grid\" role=\"list\">\n\t\t\t\t\t\t\t<span class=\"elementor-grid-item\" role=\"listitem\">\n\t\t\t\t\t<a class=\"elementor-icon elementor-social-icon elementor-social-icon-facebook elementor-repeater-item-d66808e\" href=\"https:\/\/www.facebook.com\/tcmfleischer\/\" target=\"_blank\">\n\t\t\t\t\t\t<span class=\"elementor-screen-only\">Facebook<\/span>\n\t\t\t\t\t\t<i aria-hidden=\"true\" class=\"fab fa-facebook\"><\/i>\t\t\t\t\t<\/a>\n\t\t\t\t<\/span>\n\t\t\t\t\t\t\t<span class=\"elementor-grid-item\" role=\"listitem\">\n\t\t\t\t\t<a class=\"elementor-icon elementor-social-icon elementor-social-icon-youtube elementor-repeater-item-fc9725c\" href=\"https:\/\/www.youtube.com\/channel\/UCqYIxElwRLVBO52OTWFVQjw?view_as=subscriber\" target=\"_blank\">\n\t\t\t\t\t\t<span class=\"elementor-screen-only\">Youtube<\/span>\n\t\t\t\t\t\t<i aria-hidden=\"true\" class=\"fab fa-youtube\"><\/i>\t\t\t\t\t<\/a>\n\t\t\t\t<\/span>\n\t\t\t\t\t\t\t<span class=\"elementor-grid-item\" role=\"listitem\">\n\t\t\t\t\t<a class=\"elementor-icon elementor-social-icon elementor-social-icon-instagram elementor-repeater-item-46f0d93\" href=\"https:\/\/www.instagram.com\/akupunkturmeister\/\" target=\"_blank\">\n\t\t\t\t\t\t<span class=\"elementor-screen-only\">Instagram<\/span>\n\t\t\t\t\t\t<i aria-hidden=\"true\" class=\"fab fa-instagram\"><\/i>\t\t\t\t\t<\/a>\n\t\t\t\t<\/span>\n\t\t\t\t\t<\/div>\n\t\t\t\t\t\t<\/div>\n\t\t\t\t<\/div>\n\t\t\t\t\t<\/div>\n\t\t<\/div>\n\t\t\t\t\t<\/div>\n\t\t<\/section>\n\t\t\t\t\t<\/div>\n\t\t<\/div>\n\t\t\t\t\t<\/div>\n\t\t<\/section>\n\t\t\t\t<\/div>\n\t\t","protected":false},"excerpt":{"rendered":"<p>Mitf\u00fchlend. Fachkundig. Ursachen-orientiert. Termin holen Schmerztherapie mit Akupunktur und TCM Nat\u00fcrlich. Ganzheitlich. Wirksam. Schmerzen sind ein Warnsignal des K\u00f6rpers \u2013 sie zeigen, dass etwas aus dem Gleichgewicht geraten ist. Ob akute oder chronische Beschwerden: Wenn Schmerzen \u00fcber l\u00e4ngere Zeit bestehen, beeinflussen sie nicht nur den K\u00f6rper, sondern auch Schlaf, Stimmung und Lebensfreude. Die Traditionelle Chinesische [&hellip;]<\/p>\n","protected":false},"author":1,"featured_media":0,"parent":0,"menu_order":0,"comment_status":"closed","ping_status":"closed","template":"","meta":{"ocean_post_layout":"","ocean_both_sidebars_style":"","ocean_both_sidebars_content_width":0,"ocean_both_sidebars_sidebars_width":0,"ocean_sidebar":"","ocean_second_sidebar":"","ocean_disable_margins":"enable","ocean_add_body_class":"","ocean_shortcode_before_top_bar":"","ocean_shortcode_after_top_bar":"","ocean_shortcode_before_header":"","ocean_shortcode_after_header":"","ocean_has_shortcode":"","ocean_shortcode_after_title":"","ocean_shortcode_before_footer_widgets":"","ocean_shortcode_after_footer_widgets":"","ocean_shortcode_before_footer_bottom":"","ocean_shortcode_after_footer_bottom":"","ocean_display_top_bar":"default","ocean_display_header":"default","ocean_header_style":"","ocean_center_header_left_menu":"","ocean_custom_header_template":"","ocean_custom_logo":0,"ocean_custom_retina_logo":0,"ocean_custom_logo_max_width":0,"ocean_custom_logo_tablet_max_width":0,"ocean_custom_logo_mobile_max_width":0,"ocean_custom_logo_max_height":0,"ocean_custom_logo_tablet_max_height":0,"ocean_custom_logo_mobile_max_height":0,"ocean_header_custom_menu":"","ocean_menu_typo_font_family":"","ocean_menu_typo_font_subset":"","ocean_menu_typo_font_size":0,"ocean_menu_typo_font_size_tablet":0,"ocean_menu_typo_font_size_mobile":0,"ocean_menu_typo_font_size_unit":"px","ocean_menu_typo_font_weight":"","ocean_menu_typo_font_weight_tablet":"","ocean_menu_typo_font_weight_mobile":"","ocean_menu_typo_transform":"","ocean_menu_typo_transform_tablet":"","ocean_menu_typo_transform_mobile":"","ocean_menu_typo_line_height":0,"ocean_menu_typo_line_height_tablet":0,"ocean_menu_typo_line_height_mobile":0,"ocean_menu_typo_line_height_unit":"","ocean_menu_typo_spacing":0,"ocean_menu_typo_spacing_tablet":0,"ocean_menu_typo_spacing_mobile":0,"ocean_menu_typo_spacing_unit":"","ocean_menu_link_color":"","ocean_menu_link_color_hover":"","ocean_menu_link_color_active":"","ocean_menu_link_background":"","ocean_menu_link_hover_background":"","ocean_menu_link_active_background":"","ocean_menu_social_links_bg":"","ocean_menu_social_hover_links_bg":"","ocean_menu_social_links_color":"","ocean_menu_social_hover_links_color":"","ocean_disable_title":"default","ocean_disable_heading":"default","ocean_post_title":"","ocean_post_subheading":"","ocean_post_title_style":"","ocean_post_title_background_color":"","ocean_post_title_background":0,"ocean_post_title_bg_image_position":"","ocean_post_title_bg_image_attachment":"","ocean_post_title_bg_image_repeat":"","ocean_post_title_bg_image_size":"","ocean_post_title_height":0,"ocean_post_title_bg_overlay":0.5,"ocean_post_title_bg_overlay_color":"","ocean_disable_breadcrumbs":"default","ocean_breadcrumbs_color":"","ocean_breadcrumbs_separator_color":"","ocean_breadcrumbs_links_color":"","ocean_breadcrumbs_links_hover_color":"","ocean_display_footer_widgets":"default","ocean_display_footer_bottom":"default","ocean_custom_footer_template":"","footnotes":""},"class_list":["post-3340","page","type-page","status-publish","hentry","entry"],"_links":{"self":[{"href":"https:\/\/sachsenakupunktur.de\/index.php?rest_route=\/wp\/v2\/pages\/3340","targetHints":{"allow":["GET"]}}],"collection":[{"href":"https:\/\/sachsenakupunktur.de\/index.php?rest_route=\/wp\/v2\/pages"}],"about":[{"href":"https:\/\/sachsenakupunktur.de\/index.php?rest_route=\/wp\/v2\/types\/page"}],"author":[{"embeddable":true,"href":"https:\/\/sachsenakupunktur.de\/index.php?rest_route=\/wp\/v2\/users\/1"}],"replies":[{"embeddable":true,"href":"https:\/\/sachsenakupunktur.de\/index.php?rest_route=%2Fwp%2Fv2%2Fcomments&post=3340"}],"version-history":[{"count":7,"href":"https:\/\/sachsenakupunktur.de\/index.php?rest_route=\/wp\/v2\/pages\/3340\/revisions"}],"predecessor-version":[{"id":3436,"href":"https:\/\/sachsenakupunktur.de\/index.php?rest_route=\/wp\/v2\/pages\/3340\/revisions\/3436"}],"wp:attachment":[{"href":"https:\/\/sachsenakupunktur.de\/index.php?rest_route=%2Fwp%2Fv2%2Fmedia&parent=3340"}],"curies":[{"name":"wp","href":"https:\/\/api.w.org\/{rel}","templated":true}]}}