{"id":3322,"date":"2025-11-02T12:40:45","date_gmt":"2025-11-02T12:40:45","guid":{"rendered":"https:\/\/sachsenakupunktur.de\/?page_id=3322"},"modified":"2025-11-02T12:50:45","modified_gmt":"2025-11-02T12:50:45","slug":"allergien","status":"publish","type":"page","link":"https:\/\/sachsenakupunktur.de\/?page_id=3322","title":{"rendered":"Allergien"},"content":{"rendered":"\t\t<div data-elementor-type=\"wp-page\" data-elementor-id=\"3322\" class=\"elementor elementor-3322\">\n\t\t\t\t\t\t<section class=\"elementor-section elementor-top-section elementor-element elementor-element-2a266124 elementor-section-boxed elementor-section-height-default elementor-section-height-default\" data-id=\"2a266124\" data-element_type=\"section\" data-e-type=\"section\" data-settings=\"{&quot;background_background&quot;:&quot;classic&quot;,&quot;shape_divider_top&quot;:&quot;opacity-fan&quot;}\">\n\t\t\t\t\t<div class=\"elementor-shape elementor-shape-top\" aria-hidden=\"true\" data-negative=\"false\">\n\t\t\t<svg xmlns=\"http:\/\/www.w3.org\/2000\/svg\" viewBox=\"0 0 283.5 19.6\" preserveAspectRatio=\"none\">\n\t<path class=\"elementor-shape-fill\" style=\"opacity:0.33\" d=\"M0 0L0 18.8 141.8 4.1 283.5 18.8 283.5 0z\"\/>\n\t<path class=\"elementor-shape-fill\" style=\"opacity:0.33\" d=\"M0 0L0 12.6 141.8 4 283.5 12.6 283.5 0z\"\/>\n\t<path class=\"elementor-shape-fill\" style=\"opacity:0.33\" d=\"M0 0L0 6.4 141.8 4 283.5 6.4 283.5 0z\"\/>\n\t<path class=\"elementor-shape-fill\" d=\"M0 0L0 1.2 141.8 4 283.5 1.2 283.5 0z\"\/>\n<\/svg>\t\t<\/div>\n\t\t\t\t\t<div class=\"elementor-container elementor-column-gap-default\">\n\t\t\t\t\t<div class=\"elementor-column elementor-col-50 elementor-top-column elementor-element elementor-element-2b8f2313\" data-id=\"2b8f2313\" data-element_type=\"column\" data-e-type=\"column\">\n\t\t\t<div class=\"elementor-widget-wrap elementor-element-populated\">\n\t\t\t\t\t\t<div class=\"elementor-element elementor-element-582958ed elementor-align-center elementor-widget elementor-widget-button\" data-id=\"582958ed\" data-element_type=\"widget\" data-e-type=\"widget\" data-widget_type=\"button.default\">\n\t\t\t\t<div class=\"elementor-widget-container\">\n\t\t\t\t\t\t\t\t\t<div class=\"elementor-button-wrapper\">\n\t\t\t\t\t<a class=\"elementor-button elementor-size-sm\" role=\"button\">\n\t\t\t\t\t\t<span class=\"elementor-button-content-wrapper\">\n\t\t\t\t\t\t\t\t\t<span class=\"elementor-button-text\">Mitf\u00fchlend. Fachkundig. Ursachen-orientiert.<\/span>\n\t\t\t\t\t<\/span>\n\t\t\t\t\t<\/a>\n\t\t\t\t<\/div>\n\t\t\t\t\t\t\t\t<\/div>\n\t\t\t\t<\/div>\n\t\t\t\t\t<\/div>\n\t\t<\/div>\n\t\t\t\t<div class=\"elementor-column elementor-col-50 elementor-top-column elementor-element elementor-element-63168b6\" data-id=\"63168b6\" data-element_type=\"column\" data-e-type=\"column\">\n\t\t\t<div class=\"elementor-widget-wrap elementor-element-populated\">\n\t\t\t\t\t\t<div class=\"elementor-element elementor-element-7f86e877 elementor-align-center elementor-tablet-align-center elementor-widget__width-initial elementor-widget elementor-widget-button\" data-id=\"7f86e877\" data-element_type=\"widget\" data-e-type=\"widget\" data-widget_type=\"button.default\">\n\t\t\t\t<div class=\"elementor-widget-container\">\n\t\t\t\t\t\t\t\t\t<div class=\"elementor-button-wrapper\">\n\t\t\t\t\t<a class=\"elementor-button elementor-button-link elementor-size-lg\" href=\"https:\/\/sachsenakupunktur.de\/?page_id=24\" id=\"Termin\">\n\t\t\t\t\t\t<span class=\"elementor-button-content-wrapper\">\n\t\t\t\t\t\t<span class=\"elementor-button-icon\">\n\t\t\t\t<i aria-hidden=\"true\" class=\"fas fa-angle-double-right\"><\/i>\t\t\t<\/span>\n\t\t\t\t\t\t\t\t\t<span class=\"elementor-button-text\">Termin holen<\/span>\n\t\t\t\t\t<\/span>\n\t\t\t\t\t<\/a>\n\t\t\t\t<\/div>\n\t\t\t\t\t\t\t\t<\/div>\n\t\t\t\t<\/div>\n\t\t\t\t\t<\/div>\n\t\t<\/div>\n\t\t\t\t\t<\/div>\n\t\t<\/section>\n\t\t\t\t<section class=\"elementor-section elementor-top-section elementor-element elementor-element-3c39c6ae elementor-section-content-middle elementor-section-boxed elementor-section-height-default elementor-section-height-default\" data-id=\"3c39c6ae\" data-element_type=\"section\" data-e-type=\"section\" data-settings=\"{&quot;background_background&quot;:&quot;classic&quot;}\">\n\t\t\t\t\t\t<div class=\"elementor-container elementor-column-gap-default\">\n\t\t\t\t\t<div class=\"elementor-column elementor-col-100 elementor-top-column elementor-element elementor-element-2f983129\" data-id=\"2f983129\" data-element_type=\"column\" data-e-type=\"column\">\n\t\t\t<div class=\"elementor-widget-wrap elementor-element-populated\">\n\t\t\t\t\t\t<div class=\"elementor-element elementor-element-23b39294 elementor-widget elementor-widget-text-editor\" data-id=\"23b39294\" data-element_type=\"widget\" data-e-type=\"widget\" data-widget_type=\"text-editor.default\">\n\t\t\t\t<div class=\"elementor-widget-container\">\n\t\t\t\t\t\t\t\t\t<h1>Akupunktur bei Allergien<\/h1>\t\t\t\t\t\t\t\t<\/div>\n\t\t\t\t<\/div>\n\t\t\t\t\t<\/div>\n\t\t<\/div>\n\t\t\t\t\t<\/div>\n\t\t<\/section>\n\t\t\t\t<section class=\"elementor-section elementor-top-section elementor-element elementor-element-60b2ac9 elementor-section-boxed elementor-section-height-default elementor-section-height-default\" data-id=\"60b2ac9\" data-element_type=\"section\" data-e-type=\"section\" data-settings=\"{&quot;background_background&quot;:&quot;classic&quot;}\">\n\t\t\t\t\t\t<div class=\"elementor-container elementor-column-gap-default\">\n\t\t\t\t\t<div class=\"elementor-column elementor-col-100 elementor-top-column elementor-element elementor-element-59d0e984\" data-id=\"59d0e984\" data-element_type=\"column\" data-e-type=\"column\">\n\t\t\t<div class=\"elementor-widget-wrap elementor-element-populated\">\n\t\t\t\t\t\t<div class=\"elementor-element elementor-element-3e4af54c elementor-widget elementor-widget-heading\" data-id=\"3e4af54c\" data-element_type=\"widget\" data-e-type=\"widget\" data-widget_type=\"heading.default\">\n\t\t\t\t<div class=\"elementor-widget-container\">\n\t\t\t\t\t<h1 class=\"elementor-heading-title elementor-size-default\">Sanfte Hilfe bei Heuschnupfen, Asthma, Neurodermitis und Unvertr\u00e4glichkeiten<\/h1>\t\t\t\t<\/div>\n\t\t\t\t<\/div>\n\t\t\t\t\t<\/div>\n\t\t<\/div>\n\t\t\t\t\t<\/div>\n\t\t<\/section>\n\t\t\t\t<section class=\"elementor-section elementor-top-section elementor-element elementor-element-260c41bb elementor-section-boxed elementor-section-height-default elementor-section-height-default\" data-id=\"260c41bb\" data-element_type=\"section\" data-e-type=\"section\" data-settings=\"{&quot;background_background&quot;:&quot;classic&quot;}\">\n\t\t\t\t\t\t<div class=\"elementor-container elementor-column-gap-default\">\n\t\t\t\t\t<div class=\"elementor-column elementor-col-100 elementor-top-column elementor-element elementor-element-247c0585\" data-id=\"247c0585\" data-element_type=\"column\" data-e-type=\"column\">\n\t\t\t<div class=\"elementor-widget-wrap elementor-element-populated\">\n\t\t\t\t\t\t<div class=\"elementor-element elementor-element-613f5d70 elementor-widget elementor-widget-text-editor\" data-id=\"613f5d70\" data-element_type=\"widget\" data-e-type=\"widget\" data-widget_type=\"text-editor.default\">\n\t\t\t\t<div class=\"elementor-widget-container\">\n\t\t\t\t\t\t\t\t\t<p data-start=\"363\" data-end=\"740\">Allergien geh\u00f6ren heute zu den h\u00e4ufigsten chronischen Erkrankungen. Sie entstehen, wenn das Immunsystem \u00fcberempfindlich auf eigentlich harmlose Stoffe reagiert \u2013 wie Pollen, Tierhaare oder bestimmte Nahrungsmittel. Die Beschwerden k\u00f6nnen von tr\u00e4nenden Augen und Atemnot \u00fcber Hautreaktionen bis hin zu Verdauungsproblemen reichen und die Lebensqualit\u00e4t erheblich einschr\u00e4nken.<\/p><p data-start=\"742\" data-end=\"1082\">In der <strong data-start=\"749\" data-end=\"794\">Traditionellen Chinesischen Medizin (TCM)<\/strong> gilt eine Allergie nicht als isolierte Krankheit, sondern als Ausdruck eines gest\u00f6rten inneren Gleichgewichts. Ziel der Behandlung ist daher nicht nur die Linderung akuter Symptome, sondern die St\u00e4rkung der k\u00f6rpereigenen Abwehrkr\u00e4fte und die Harmonisierung des gesamten Energiesystems.<\/p><h3 data-start=\"1084\" data-end=\"1124\">Wie Akupunktur bei Allergien wirkt<\/h3><p data-start=\"1126\" data-end=\"1241\">Durch das Setzen feiner Nadeln an ausgew\u00e4hlten Punkten wird der Energiefluss (Qi) im K\u00f6rper reguliert. Dies kann:<\/p><ul><li data-start=\"1244\" data-end=\"1276\">das Immunsystem stabilisieren,<\/li><li data-start=\"1244\" data-end=\"1276\">Entz\u00fcndungsprozesse hemmen,<\/li><li data-start=\"1311\" data-end=\"1336\">Schleimh\u00e4ute beruhigen,<\/li><li data-start=\"1311\" data-end=\"1336\">Haut und Atmung st\u00e4rken,<\/li><li data-start=\"1366\" data-end=\"1446\"><p data-start=\"1368\" data-end=\"1446\">Stress reduzieren \u2013 einen der h\u00e4ufigsten Verst\u00e4rker allergischer Reaktionen.<\/p><\/li><\/ul><p data-start=\"1448\" data-end=\"1628\">Viele meiner Patientinnen und Patienten berichten, dass sich die H\u00e4ufigkeit und Intensit\u00e4t ihrer Beschwerden deutlich verringert hat. Besonders wirksam zeigt sich Akupunktur bei:<\/p><ul data-start=\"1629\" data-end=\"1801\"><li data-start=\"1629\" data-end=\"1666\"><p data-start=\"1631\" data-end=\"1666\"><strong data-start=\"1631\" data-end=\"1664\">Heuschnupfen (Pollenallergie)<\/strong><\/p><\/li><li data-start=\"1667\" data-end=\"1692\"><p data-start=\"1669\" data-end=\"1692\"><strong data-start=\"1669\" data-end=\"1690\">Asthma bronchiale<\/strong><\/p><\/li><li data-start=\"1693\" data-end=\"1733\"><p data-start=\"1695\" data-end=\"1733\"><strong data-start=\"1695\" data-end=\"1731\">Neurodermitis und Hautreaktionen<\/strong><\/p><\/li><li data-start=\"1734\" data-end=\"1759\"><p data-start=\"1736\" data-end=\"1759\"><strong data-start=\"1736\" data-end=\"1757\">Tierhaarallergien<\/strong><\/p><\/li><li data-start=\"1760\" data-end=\"1801\"><p data-start=\"1762\" data-end=\"1801\"><strong data-start=\"1762\" data-end=\"1799\">Nahrungsmittelunvertr\u00e4glichkeiten<\/strong><\/p><\/li><\/ul><h3 data-start=\"1803\" data-end=\"1874\">Ganzheitliche Behandlung in der Naturheilpraxis SachsenAkupunktur<\/h3><p data-start=\"1876\" data-end=\"2186\">Jede Behandlung beginnt mit einer ausf\u00fchrlichen Anamnese, in der die individuellen Ausl\u00f6ser, die k\u00f6rperliche Konstitution und das emotionale Befinden ber\u00fccksichtigt werden. Neben der Akupunktur k\u00f6nnen auch <strong data-start=\"2082\" data-end=\"2101\">Kr\u00e4utertherapie<\/strong>, <strong data-start=\"2103\" data-end=\"2129\">Ern\u00e4hrungsempfehlungen<\/strong> und <strong data-start=\"2134\" data-end=\"2159\">Entspannungstechniken<\/strong> sinnvoll erg\u00e4nzt werden.<\/p><p data-start=\"2188\" data-end=\"2320\">Ziel ist es, K\u00f6rper und Geist in ein harmonisches Gleichgewicht zu bringen \u2013 damit Ihr Immunsystem wieder gelassen reagieren kann.<\/p><hr data-start=\"2322\" data-end=\"2325\" \/><p data-start=\"2327\" data-end=\"2449\"><strong data-start=\"2327\" data-end=\"2396\">Sie m\u00f6chten wissen, ob Akupunktur bei Ihrer Allergie helfen kann?<\/strong><br data-start=\"2396\" data-end=\"2399\" \/>Ich berate Sie gern pers\u00f6nlich in meiner Praxis.<\/p>\t\t\t\t\t\t\t\t<\/div>\n\t\t\t\t<\/div>\n\t\t\t\t\t<\/div>\n\t\t<\/div>\n\t\t\t\t\t<\/div>\n\t\t<\/section>\n\t\t\t\t<section class=\"elementor-section elementor-top-section elementor-element elementor-element-4d98eb16 elementor-section-content-middle elementor-section-boxed elementor-section-height-default elementor-section-height-default\" data-id=\"4d98eb16\" data-element_type=\"section\" data-e-type=\"section\" data-settings=\"{&quot;background_background&quot;:&quot;classic&quot;}\">\n\t\t\t\t\t\t<div class=\"elementor-container elementor-column-gap-default\">\n\t\t\t\t\t<div class=\"elementor-column elementor-col-100 elementor-top-column elementor-element elementor-element-6b91edb\" data-id=\"6b91edb\" data-element_type=\"column\" data-e-type=\"column\">\n\t\t\t<div class=\"elementor-widget-wrap elementor-element-populated\">\n\t\t\t\t\t\t<section class=\"elementor-section elementor-inner-section elementor-element elementor-element-72e69aca elementor-section-boxed elementor-section-height-default elementor-section-height-default\" data-id=\"72e69aca\" data-element_type=\"section\" data-e-type=\"section\">\n\t\t\t\t\t\t<div class=\"elementor-container elementor-column-gap-default\">\n\t\t\t\t\t<div class=\"elementor-column elementor-col-50 elementor-inner-column elementor-element elementor-element-65434982\" data-id=\"65434982\" data-element_type=\"column\" data-e-type=\"column\">\n\t\t\t<div class=\"elementor-widget-wrap elementor-element-populated\">\n\t\t\t\t\t\t<div class=\"elementor-element elementor-element-7306ae23 elementor-widget elementor-widget-text-editor\" data-id=\"7306ae23\" data-element_type=\"widget\" data-e-type=\"widget\" data-widget_type=\"text-editor.default\">\n\t\t\t\t<div class=\"elementor-widget-container\">\n\t\t\t\t\t\t\t\t\t<p>Akupunktur bei Allergien<\/p>\t\t\t\t\t\t\t\t<\/div>\n\t\t\t\t<\/div>\n\t\t\t\t\t<\/div>\n\t\t<\/div>\n\t\t\t\t<div class=\"elementor-column elementor-col-50 elementor-inner-column elementor-element elementor-element-75c8080b\" data-id=\"75c8080b\" data-element_type=\"column\" data-e-type=\"column\">\n\t\t\t<div class=\"elementor-widget-wrap elementor-element-populated\">\n\t\t\t\t\t\t<div class=\"elementor-element elementor-element-7174f3e0 elementor-align-center elementor-tablet-align-center elementor-widget__width-initial elementor-widget elementor-widget-button\" data-id=\"7174f3e0\" data-element_type=\"widget\" data-e-type=\"widget\" data-widget_type=\"button.default\">\n\t\t\t\t<div class=\"elementor-widget-container\">\n\t\t\t\t\t\t\t\t\t<div class=\"elementor-button-wrapper\">\n\t\t\t\t\t<a class=\"elementor-button elementor-button-link elementor-size-lg\" href=\"https:\/\/sachsenakupunktur.de\/?page_id=24\" id=\"Termin\">\n\t\t\t\t\t\t<span class=\"elementor-button-content-wrapper\">\n\t\t\t\t\t\t<span class=\"elementor-button-icon\">\n\t\t\t\t<i aria-hidden=\"true\" class=\"fas fa-angle-double-right\"><\/i>\t\t\t<\/span>\n\t\t\t\t\t\t\t\t\t<span class=\"elementor-button-text\">Termin holen<\/span>\n\t\t\t\t\t<\/span>\n\t\t\t\t\t<\/a>\n\t\t\t\t<\/div>\n\t\t\t\t\t\t\t\t<\/div>\n\t\t\t\t<\/div>\n\t\t\t\t\t<\/div>\n\t\t<\/div>\n\t\t\t\t\t<\/div>\n\t\t<\/section>\n\t\t\t\t\t<\/div>\n\t\t<\/div>\n\t\t\t\t\t<\/div>\n\t\t<\/section>\n\t\t\t\t<section class=\"elementor-section elementor-top-section elementor-element elementor-element-178b5578 elementor-section-boxed elementor-section-height-default elementor-section-height-default\" data-id=\"178b5578\" data-element_type=\"section\" data-e-type=\"section\">\n\t\t\t\t\t\t<div class=\"elementor-container elementor-column-gap-default\">\n\t\t\t\t\t<div class=\"elementor-column elementor-col-100 elementor-top-column elementor-element elementor-element-334ac1aa\" data-id=\"334ac1aa\" data-element_type=\"column\" data-e-type=\"column\">\n\t\t\t<div class=\"elementor-widget-wrap elementor-element-populated\">\n\t\t\t\t\t\t<section class=\"elementor-section elementor-inner-section elementor-element elementor-element-5ca6b5cb elementor-section-boxed elementor-section-height-default elementor-section-height-default\" data-id=\"5ca6b5cb\" data-element_type=\"section\" data-e-type=\"section\">\n\t\t\t\t\t\t<div class=\"elementor-container elementor-column-gap-default\">\n\t\t\t\t\t<div class=\"elementor-column elementor-col-50 elementor-inner-column elementor-element elementor-element-5358324b\" data-id=\"5358324b\" data-element_type=\"column\" data-e-type=\"column\">\n\t\t\t<div class=\"elementor-widget-wrap elementor-element-populated\">\n\t\t\t\t\t\t<div class=\"elementor-element elementor-element-1747fb36 elementor-widget elementor-widget-text-editor\" data-id=\"1747fb36\" data-element_type=\"widget\" data-e-type=\"widget\" data-widget_type=\"text-editor.default\">\n\t\t\t\t<div class=\"elementor-widget-container\">\n\t\t\t\t\t\t\t\t\t<p>Folgen Sie mir oder abonnieren Sie meinen Kanal, um aktuell zu bleiben.\u00a0 &gt;&gt;<\/p>\t\t\t\t\t\t\t\t<\/div>\n\t\t\t\t<\/div>\n\t\t\t\t\t<\/div>\n\t\t<\/div>\n\t\t\t\t<div class=\"elementor-column elementor-col-50 elementor-inner-column elementor-element elementor-element-a4516a4\" data-id=\"a4516a4\" data-element_type=\"column\" data-e-type=\"column\">\n\t\t\t<div class=\"elementor-widget-wrap elementor-element-populated\">\n\t\t\t\t\t\t<div class=\"elementor-element elementor-element-45d5ca01 e-grid-align-right e-grid-align-mobile-center elementor-shape-rounded elementor-grid-0 elementor-widget elementor-widget-social-icons\" data-id=\"45d5ca01\" data-element_type=\"widget\" data-e-type=\"widget\" data-widget_type=\"social-icons.default\">\n\t\t\t\t<div class=\"elementor-widget-container\">\n\t\t\t\t\t\t\t<div class=\"elementor-social-icons-wrapper elementor-grid\" role=\"list\">\n\t\t\t\t\t\t\t<span class=\"elementor-grid-item\" role=\"listitem\">\n\t\t\t\t\t<a class=\"elementor-icon elementor-social-icon elementor-social-icon-facebook elementor-repeater-item-d66808e\" href=\"https:\/\/www.facebook.com\/tcmfleischer\/\" target=\"_blank\">\n\t\t\t\t\t\t<span class=\"elementor-screen-only\">Facebook<\/span>\n\t\t\t\t\t\t<i aria-hidden=\"true\" class=\"fab fa-facebook\"><\/i>\t\t\t\t\t<\/a>\n\t\t\t\t<\/span>\n\t\t\t\t\t\t\t<span class=\"elementor-grid-item\" role=\"listitem\">\n\t\t\t\t\t<a class=\"elementor-icon elementor-social-icon elementor-social-icon-youtube elementor-repeater-item-fc9725c\" href=\"https:\/\/www.youtube.com\/channel\/UCqYIxElwRLVBO52OTWFVQjw?view_as=subscriber\" target=\"_blank\">\n\t\t\t\t\t\t<span class=\"elementor-screen-only\">Youtube<\/span>\n\t\t\t\t\t\t<i aria-hidden=\"true\" class=\"fab fa-youtube\"><\/i>\t\t\t\t\t<\/a>\n\t\t\t\t<\/span>\n\t\t\t\t\t\t\t<span class=\"elementor-grid-item\" role=\"listitem\">\n\t\t\t\t\t<a class=\"elementor-icon elementor-social-icon elementor-social-icon-instagram elementor-repeater-item-46f0d93\" href=\"https:\/\/www.instagram.com\/akupunkturmeister\/\" target=\"_blank\">\n\t\t\t\t\t\t<span class=\"elementor-screen-only\">Instagram<\/span>\n\t\t\t\t\t\t<i aria-hidden=\"true\" class=\"fab fa-instagram\"><\/i>\t\t\t\t\t<\/a>\n\t\t\t\t<\/span>\n\t\t\t\t\t<\/div>\n\t\t\t\t\t\t<\/div>\n\t\t\t\t<\/div>\n\t\t\t\t\t<\/div>\n\t\t<\/div>\n\t\t\t\t\t<\/div>\n\t\t<\/section>\n\t\t\t\t\t<\/div>\n\t\t<\/div>\n\t\t\t\t\t<\/div>\n\t\t<\/section>\n\t\t\t\t<\/div>\n\t\t","protected":false},"excerpt":{"rendered":"<p>Mitf\u00fchlend. Fachkundig. Ursachen-orientiert. Termin holen Akupunktur bei Allergien Sanfte Hilfe bei Heuschnupfen, Asthma, Neurodermitis und Unvertr\u00e4glichkeiten Allergien geh\u00f6ren heute zu den h\u00e4ufigsten chronischen Erkrankungen. Sie entstehen, wenn das Immunsystem \u00fcberempfindlich auf eigentlich harmlose Stoffe reagiert \u2013 wie Pollen, Tierhaare oder bestimmte Nahrungsmittel. Die Beschwerden k\u00f6nnen von tr\u00e4nenden Augen und Atemnot \u00fcber Hautreaktionen bis hin zu [&hellip;]<\/p>\n","protected":false},"author":1,"featured_media":0,"parent":0,"menu_order":0,"comment_status":"closed","ping_status":"closed","template":"","meta":{"ocean_post_layout":"","ocean_both_sidebars_style":"","ocean_both_sidebars_content_width":0,"ocean_both_sidebars_sidebars_width":0,"ocean_sidebar":"","ocean_second_sidebar":"","ocean_disable_margins":"enable","ocean_add_body_class":"","ocean_shortcode_before_top_bar":"","ocean_shortcode_after_top_bar":"","ocean_shortcode_before_header":"","ocean_shortcode_after_header":"","ocean_has_shortcode":"","ocean_shortcode_after_title":"","ocean_shortcode_before_footer_widgets":"","ocean_shortcode_after_footer_widgets":"","ocean_shortcode_before_footer_bottom":"","ocean_shortcode_after_footer_bottom":"","ocean_display_top_bar":"default","ocean_display_header":"default","ocean_header_style":"","ocean_center_header_left_menu":"","ocean_custom_header_template":"","ocean_custom_logo":0,"ocean_custom_retina_logo":0,"ocean_custom_logo_max_width":0,"ocean_custom_logo_tablet_max_width":0,"ocean_custom_logo_mobile_max_width":0,"ocean_custom_logo_max_height":0,"ocean_custom_logo_tablet_max_height":0,"ocean_custom_logo_mobile_max_height":0,"ocean_header_custom_menu":"","ocean_menu_typo_font_family":"","ocean_menu_typo_font_subset":"","ocean_menu_typo_font_size":0,"ocean_menu_typo_font_size_tablet":0,"ocean_menu_typo_font_size_mobile":0,"ocean_menu_typo_font_size_unit":"px","ocean_menu_typo_font_weight":"","ocean_menu_typo_font_weight_tablet":"","ocean_menu_typo_font_weight_mobile":"","ocean_menu_typo_transform":"","ocean_menu_typo_transform_tablet":"","ocean_menu_typo_transform_mobile":"","ocean_menu_typo_line_height":0,"ocean_menu_typo_line_height_tablet":0,"ocean_menu_typo_line_height_mobile":0,"ocean_menu_typo_line_height_unit":"","ocean_menu_typo_spacing":0,"ocean_menu_typo_spacing_tablet":0,"ocean_menu_typo_spacing_mobile":0,"ocean_menu_typo_spacing_unit":"","ocean_menu_link_color":"","ocean_menu_link_color_hover":"","ocean_menu_link_color_active":"","ocean_menu_link_background":"","ocean_menu_link_hover_background":"","ocean_menu_link_active_background":"","ocean_menu_social_links_bg":"","ocean_menu_social_hover_links_bg":"","ocean_menu_social_links_color":"","ocean_menu_social_hover_links_color":"","ocean_disable_title":"default","ocean_disable_heading":"default","ocean_post_title":"","ocean_post_subheading":"","ocean_post_title_style":"","ocean_post_title_background_color":"","ocean_post_title_background":0,"ocean_post_title_bg_image_position":"","ocean_post_title_bg_image_attachment":"","ocean_post_title_bg_image_repeat":"","ocean_post_title_bg_image_size":"","ocean_post_title_height":0,"ocean_post_title_bg_overlay":0.5,"ocean_post_title_bg_overlay_color":"","ocean_disable_breadcrumbs":"default","ocean_breadcrumbs_color":"","ocean_breadcrumbs_separator_color":"","ocean_breadcrumbs_links_color":"","ocean_breadcrumbs_links_hover_color":"","ocean_display_footer_widgets":"default","ocean_display_footer_bottom":"default","ocean_custom_footer_template":"","footnotes":""},"class_list":["post-3322","page","type-page","status-publish","hentry","entry"],"_links":{"self":[{"href":"https:\/\/sachsenakupunktur.de\/index.php?rest_route=\/wp\/v2\/pages\/3322","targetHints":{"allow":["GET"]}}],"collection":[{"href":"https:\/\/sachsenakupunktur.de\/index.php?rest_route=\/wp\/v2\/pages"}],"about":[{"href":"https:\/\/sachsenakupunktur.de\/index.php?rest_route=\/wp\/v2\/types\/page"}],"author":[{"embeddable":true,"href":"https:\/\/sachsenakupunktur.de\/index.php?rest_route=\/wp\/v2\/users\/1"}],"replies":[{"embeddable":true,"href":"https:\/\/sachsenakupunktur.de\/index.php?rest_route=%2Fwp%2Fv2%2Fcomments&post=3322"}],"version-history":[{"count":7,"href":"https:\/\/sachsenakupunktur.de\/index.php?rest_route=\/wp\/v2\/pages\/3322\/revisions"}],"predecessor-version":[{"id":3330,"href":"https:\/\/sachsenakupunktur.de\/index.php?rest_route=\/wp\/v2\/pages\/3322\/revisions\/3330"}],"wp:attachment":[{"href":"https:\/\/sachsenakupunktur.de\/index.php?rest_route=%2Fwp%2Fv2%2Fmedia&parent=3322"}],"curies":[{"name":"wp","href":"https:\/\/api.w.org\/{rel}","templated":true}]}}