{"id":10,"date":"2022-01-15T09:30:47","date_gmt":"2022-01-15T09:30:47","guid":{"rendered":"https:\/\/sachsenakupunktur.de\/?page_id=10"},"modified":"2025-11-02T15:17:00","modified_gmt":"2025-11-02T15:17:00","slug":"datenschutz","status":"publish","type":"page","link":"https:\/\/sachsenakupunktur.de\/?page_id=10","title":{"rendered":"Datenschutz"},"content":{"rendered":"\t\t<div data-elementor-type=\"wp-page\" data-elementor-id=\"10\" class=\"elementor elementor-10\">\n\t\t\t\t\t\t<section class=\"elementor-section elementor-top-section elementor-element elementor-element-54df118a elementor-section-boxed elementor-section-height-default elementor-section-height-default\" data-id=\"54df118a\" data-element_type=\"section\" data-e-type=\"section\" data-settings=\"{&quot;background_background&quot;:&quot;classic&quot;,&quot;shape_divider_top&quot;:&quot;opacity-fan&quot;}\">\n\t\t\t\t\t<div class=\"elementor-shape elementor-shape-top\" aria-hidden=\"true\" data-negative=\"false\">\n\t\t\t<svg xmlns=\"http:\/\/www.w3.org\/2000\/svg\" viewBox=\"0 0 283.5 19.6\" preserveAspectRatio=\"none\">\n\t<path class=\"elementor-shape-fill\" style=\"opacity:0.33\" d=\"M0 0L0 18.8 141.8 4.1 283.5 18.8 283.5 0z\"\/>\n\t<path class=\"elementor-shape-fill\" style=\"opacity:0.33\" d=\"M0 0L0 12.6 141.8 4 283.5 12.6 283.5 0z\"\/>\n\t<path class=\"elementor-shape-fill\" style=\"opacity:0.33\" d=\"M0 0L0 6.4 141.8 4 283.5 6.4 283.5 0z\"\/>\n\t<path class=\"elementor-shape-fill\" d=\"M0 0L0 1.2 141.8 4 283.5 1.2 283.5 0z\"\/>\n<\/svg>\t\t<\/div>\n\t\t\t\t\t<div class=\"elementor-container elementor-column-gap-default\">\n\t\t\t\t\t<div class=\"elementor-column elementor-col-50 elementor-top-column elementor-element elementor-element-72e779f1\" data-id=\"72e779f1\" data-element_type=\"column\" data-e-type=\"column\">\n\t\t\t<div class=\"elementor-widget-wrap elementor-element-populated\">\n\t\t\t\t\t\t<div class=\"elementor-element elementor-element-3239463e elementor-align-center elementor-widget elementor-widget-button\" data-id=\"3239463e\" data-element_type=\"widget\" data-e-type=\"widget\" data-widget_type=\"button.default\">\n\t\t\t\t<div class=\"elementor-widget-container\">\n\t\t\t\t\t\t\t\t\t<div class=\"elementor-button-wrapper\">\n\t\t\t\t\t<a class=\"elementor-button elementor-size-sm\" role=\"button\">\n\t\t\t\t\t\t<span class=\"elementor-button-content-wrapper\">\n\t\t\t\t\t\t\t\t\t<span class=\"elementor-button-text\">Mitf\u00fchlend. Fachkundig. Ursachen-orientiert.<\/span>\n\t\t\t\t\t<\/span>\n\t\t\t\t\t<\/a>\n\t\t\t\t<\/div>\n\t\t\t\t\t\t\t\t<\/div>\n\t\t\t\t<\/div>\n\t\t\t\t\t<\/div>\n\t\t<\/div>\n\t\t\t\t<div class=\"elementor-column elementor-col-50 elementor-top-column elementor-element elementor-element-4afb6b87\" data-id=\"4afb6b87\" data-element_type=\"column\" data-e-type=\"column\">\n\t\t\t<div class=\"elementor-widget-wrap elementor-element-populated\">\n\t\t\t\t\t\t<div class=\"elementor-element elementor-element-5332e780 elementor-align-center elementor-tablet-align-center elementor-widget__width-initial elementor-widget elementor-widget-button\" data-id=\"5332e780\" data-element_type=\"widget\" data-e-type=\"widget\" data-widget_type=\"button.default\">\n\t\t\t\t<div class=\"elementor-widget-container\">\n\t\t\t\t\t\t\t\t\t<div class=\"elementor-button-wrapper\">\n\t\t\t\t\t<a class=\"elementor-button elementor-button-link elementor-size-lg\" href=\"https:\/\/sachsenakupunktur.de\/?page_id=24\" id=\"Termin\">\n\t\t\t\t\t\t<span class=\"elementor-button-content-wrapper\">\n\t\t\t\t\t\t<span class=\"elementor-button-icon\">\n\t\t\t\t<i aria-hidden=\"true\" class=\"fas fa-angle-double-right\"><\/i>\t\t\t<\/span>\n\t\t\t\t\t\t\t\t\t<span class=\"elementor-button-text\">Termin holen<\/span>\n\t\t\t\t\t<\/span>\n\t\t\t\t\t<\/a>\n\t\t\t\t<\/div>\n\t\t\t\t\t\t\t\t<\/div>\n\t\t\t\t<\/div>\n\t\t\t\t\t<\/div>\n\t\t<\/div>\n\t\t\t\t\t<\/div>\n\t\t<\/section>\n\t\t\t\t<section class=\"elementor-section elementor-top-section elementor-element elementor-element-7d2e69cc elementor-section-boxed elementor-section-height-default elementor-section-height-default\" data-id=\"7d2e69cc\" data-element_type=\"section\" data-e-type=\"section\" data-settings=\"{&quot;background_background&quot;:&quot;classic&quot;}\">\n\t\t\t\t\t\t<div class=\"elementor-container elementor-column-gap-default\">\n\t\t\t\t\t<div class=\"elementor-column elementor-col-100 elementor-top-column elementor-element elementor-element-62d532a8\" data-id=\"62d532a8\" data-element_type=\"column\" data-e-type=\"column\">\n\t\t\t<div class=\"elementor-widget-wrap elementor-element-populated\">\n\t\t\t\t\t\t<div class=\"elementor-element elementor-element-5747344a elementor-widget elementor-widget-text-editor\" data-id=\"5747344a\" data-element_type=\"widget\" data-e-type=\"widget\" data-widget_type=\"text-editor.default\">\n\t\t\t\t<div class=\"elementor-widget-container\">\n\t\t\t\t\t\t\t\t\t<h2 data-start=\"373\" data-end=\"398\">Datenschutzerkl\u00e4rung<\/h2><p data-start=\"399\" data-end=\"423\"><strong data-start=\"399\" data-end=\"409\">Stand:<\/strong> November 2025<\/p><h3 data-start=\"425\" data-end=\"456\">1. Verantwortliche Stelle<\/h3><p data-start=\"457\" data-end=\"683\">SachsenAkupunktur<br data-start=\"474\" data-end=\"477\" \/>Inhaber: Stefan Fleischer-Seifert<br data-start=\"502\" data-end=\"505\" \/>Pflockenstra\u00dfe 33<br data-start=\"522\" data-end=\"525\" \/>09376 Oelsnitz\/Erzgebirge<br data-start=\"550\" data-end=\"553\" \/>Telefon: 037298 \/ 404466<br data-start=\"577\" data-end=\"580\" \/>Mobil: 0162 \/ 1893358<br data-start=\"601\" data-end=\"604\" \/>E-Mail: <a class=\"decorated-link cursor-pointer\" rel=\"noopener\" data-start=\"612\" data-end=\"637\">info[at]sachsenakupunktur.de<\/a><\/p><h3 data-start=\"685\" data-end=\"735\">2. Allgemeine Hinweise zur Datenverarbeitung<\/h3><p data-start=\"736\" data-end=\"1422\">Wir nehmen den Schutz Ihrer personenbezogenen Daten sehr ernst. Personenbezogene Daten werden vertraulich und entsprechend den gesetzlichen Datenschutzvorschriften (insbesondere DSGVO) sowie dieser Datenschutzerkl\u00e4rung behandelt.<br data-start=\"965\" data-end=\"968\" \/>Die Nutzung unserer Website ist grunds\u00e4tzlich ohne Angabe personenbezogener Daten m\u00f6glich.<br data-start=\"1058\" data-end=\"1061\" \/>Soweit auf unseren Seiten personenbezogene Daten (z. B. Name, E-Mail-Adresse) erhoben werden, erfolgt dies \u2013 wenn m\u00f6glich \u2013 auf freiwilliger Basis.<br data-start=\"1208\" data-end=\"1211\" \/>Ihre Daten werden nicht ohne Ihre ausdr\u00fcckliche Zustimmung an Dritte weitergegeben, au\u00dfer dies ist zur Durchf\u00fchrung unseres Auftrags, zur Vertragserf\u00fcllung oder zur Erf\u00fcllung gesetzlicher Pflichten erforderlich.<\/p><h3 data-start=\"1424\" data-end=\"1466\">3. Datenerfassung auf dieser Website<\/h3><h4 data-start=\"1467\" data-end=\"1495\">a) Server-Log-Dateien<\/h4><p data-start=\"1496\" data-end=\"1985\">Beim Aufruf unserer Website werden automatisch Daten erfasst und in Log-Dateien gespeichert. Erhoben werden u. a.: Browsertyp, Browserversion, verwendetes Betriebssystem, Referrer-URL, IP-Adresse (gek\u00fcrzt oder anonymisiert), Uhrzeit der Serveranfrage. Diese Daten sind nicht bestimmten Personen zuordenbar und werden nicht mit anderen Datenquellen zusammengef\u00fchrt. Rechtsgrundlage hierf\u00fcr ist Art. 6 Abs. 1 lit. f DSGVO (berechtigtes Interesse an einem st\u00f6rungsfreien Betrieb der Website).<\/p><h4 data-start=\"1987\" data-end=\"2029\">b) Kontaktformular \/ E-Mail-Kontakt<\/h4><p data-start=\"2030\" data-end=\"2533\">Wenn Sie uns \u00fcber unser Kontaktformular oder per E-Mail eine Anfrage senden, werden Ihre Angaben inklusive der von Ihnen dort \u00fcbermittelten Kontaktdaten zur Bearbeitung Ihrer Anfrage und f\u00fcr m\u00f6gliche Anschlussfragen bei uns gespeichert. Rechtsgrundlage ist Art. 6 Abs. 1 lit. b DSGVO (vorvertragliche Ma\u00dfnahmen) oder ggf. Ihre Einwilligung (Art. 6 Abs. 1 lit. a DSGVO). Ihre Daten werden gel\u00f6scht, sobald Ihre Anfrage abschlie\u00dfend bearbeitet wurde und keine gesetzlichen Aufbewahrungspflichten bestehen.<\/p><h3 data-start=\"2535\" data-end=\"2577\">4. Cookies und \u00e4hnliche Technologien<\/h3><p data-start=\"2578\" data-end=\"3057\">Unsere Website verwendet Cookies, um die Nutzung komfortabler, effektiver und sicherer zu machen (z. B. Cookie-Banner, technische Funktionalit\u00e4t). Cookies sind kleine Textdateien, die auf Ihrem Endger\u00e4t gespeichert werden.<br data-start=\"2800\" data-end=\"2803\" \/>Sie k\u00f6nnen Ihre Browser-Einstellungen so konfigurieren, dass Cookies nicht akzeptiert werden oder eine Meldung erscheint. Bitte beachten Sie: Wenn Sie Cookies deaktivieren, kann die Funktionalit\u00e4t unserer Website eingeschr\u00e4nkt sein.<br data-start=\"3035\" data-end=\"3038\" \/>Rechtsgrundlagen:<\/p><ul data-start=\"3058\" data-end=\"3209\"><li data-start=\"3058\" data-end=\"3118\"><p data-start=\"3060\" data-end=\"3118\">Technisch notwendige Cookies: Art. 6 Abs. 1 lit. f DSGVO<\/p><\/li><li data-start=\"3119\" data-end=\"3209\"><p data-start=\"3121\" data-end=\"3209\">Cookies f\u00fcr Analyse, Tracking, Marktforschung: Art. 6 Abs. 1 lit. a DSGVO (Einwilligung)<\/p><\/li><\/ul><h3 data-start=\"3211\" data-end=\"3252\">5. Web-Analyse mit Google Analytics<\/h3><p data-start=\"3253\" data-end=\"4214\">Wir verwenden Google Analytics (Anbieter: Google Ireland Limited, Gordon House, Barrow Street 4, Dublin 4, Irland) zur Analyse der Websitenutzung durch Nutzer. Google Analytics nutzt Cookies, mit denen eine Analyse der Website-Nutzung m\u00f6glich ist. Dabei kann Ihre IP-Adresse an einen Server von Google in den USA \u00fcbertragen und dort gespeichert werden.<br data-start=\"3605\" data-end=\"3608\" \/>Wir haben Google Analytics mit aktivierter IP-Anonymisierung (\u201eanonymizeIp\u201c) eingerichtet, sodass Ihre IP innerhalb der EU gek\u00fcrzt wird. Rechtsgrundlage ist Ihre Einwilligung (Art. 6 Abs. 1 lit. a DSGVO). Sie k\u00f6nnen die Speicherung der Cookies durch eine entsprechende Einstellung Ihres Browsers verhindern oder die Erfassung Ihrer Daten durch Google Analytics deaktivieren, z. B. \u00fcber das Browser-Add-On zur Deaktivierung von Google Analytics: https:\/\/tools.google.com\/dlpage\/gaoptout?hl=de Weitere Informationen finden Sie in der Datenschutzerkl\u00e4rung von Google: <a class=\"decorated-link\" href=\"https:\/\/policies.google.com\/privacy\" target=\"_new\" rel=\"noopener\" data-start=\"4177\" data-end=\"4212\">https:\/\/policies.google.com\/privacy<\/a><\/p><h3 data-start=\"4528\" data-end=\"4562\">7. SSL \/ TLS Verschl\u00fcsselung<\/h3><p data-start=\"4563\" data-end=\"4809\">Diese Website nutzt aus Sicherheitsgr\u00fcnden und zum Schutz der \u00dcbertragung vertraulicher Inhalte eine SSL- bzw. TLS-Verschl\u00fcsselung. Sie erkennen eine verschl\u00fcsselte Verbindung an der Adresszeile Ihres Browsers (\u201ehttps:\/\/\u201c) und dem Schloss-Symbol.<\/p><h3 data-start=\"4811\" data-end=\"4863\">8. Weitergabe von Daten \/ Auftragsverarbeitung<\/h3><p data-start=\"4864\" data-end=\"5041\">Unsere Website wird gehostet bei einem Hosting-Anbieter mit Sitz in Deutschland. Mit dem Anbieter wurde ein Auftragsverarbeitungsvertrag (AVV) gem\u00e4\u00df Art. 28 DSGVO abgeschlossen.<\/p><h3 data-start=\"5043\" data-end=\"5073\">9. Dauer der Speicherung<\/h3><p data-start=\"5074\" data-end=\"5330\">Personenbezogene Daten werden nur so lange gespeichert, wie dies zur Erf\u00fcllung des jeweiligen Zwecks erforderlich ist oder gesetzliche Aufbewahrungsfristen bestehen. Nach Wegfall des Zwecks oder Ablauf der Frist werden die Daten gel\u00f6scht oder anonymisiert.<\/p><h3 data-start=\"5332\" data-end=\"5370\">10. Ihre Rechte als Betroffene\/r<\/h3><p data-start=\"5371\" data-end=\"5403\">Sie haben jederzeit das Recht,<\/p><ul data-start=\"5404\" data-end=\"6044\"><li data-start=\"5404\" data-end=\"5501\"><p data-start=\"5406\" data-end=\"5501\">Auskunft \u00fcber Ihre bei uns gespeicherten personenbezogenen Daten zu verlangen (Art. 15 DSGVO)<\/p><\/li><li data-start=\"5502\" data-end=\"5594\"><p data-start=\"5504\" data-end=\"5594\">Berichtigung unrichtiger oder Vervollst\u00e4ndigung Ihrer Daten zu verlangen (Art. 16 DSGVO)<\/p><\/li><li data-start=\"5595\" data-end=\"5757\"><p data-start=\"5597\" data-end=\"5757\">L\u00f6schung Ihrer Daten zu verlangen (\u201eRecht auf Vergessen\u201c), sofern keine gesetzlichen Aufbewahrungs- oder Verarbeitungsverpflichtungen bestehen (Art. 17 DSGVO)<\/p><\/li><li data-start=\"5758\" data-end=\"5821\"><p data-start=\"5760\" data-end=\"5821\">Einschr\u00e4nkung der Verarbeitung zu verlangen (Art. 18 DSGVO)<\/p><\/li><li data-start=\"5822\" data-end=\"5887\"><p data-start=\"5824\" data-end=\"5887\">Widerspruch gegen die Verarbeitung einzulegen (Art. 21 DSGVO)<\/p><\/li><li data-start=\"5888\" data-end=\"5941\"><p data-start=\"5890\" data-end=\"5941\">Daten\u00fcbertragbarkeit zu verlangen (Art. 20 DSGVO)<\/p><\/li><li data-start=\"5942\" data-end=\"6044\"><p data-start=\"5944\" data-end=\"6044\">Ihre erteilte Einwilligung jederzeit mit Wirkung f\u00fcr die Zukunft zu widerrufen (Art. 7 Abs. 3 DSGVO)<\/p><\/li><\/ul><p data-start=\"6046\" data-end=\"6157\">Zur Aus\u00fcbung Ihrer Rechte oder bei Fragen k\u00f6nnen Sie sich jederzeit unter den o. g. Kontaktdaten an uns wenden.<\/p><h3 data-start=\"6159\" data-end=\"6209\">11. Beschwerderecht bei der Aufsichtsbeh\u00f6rde<\/h3><p data-start=\"6210\" data-end=\"6415\">Sie haben zudem das Recht, sich bei einer Datenschutz-Aufsichtsbeh\u00f6rde zu beschweren. Zust\u00e4ndig ist:<br data-start=\"6310\" data-end=\"6313\" \/>S\u00e4chsischer Datenschutzbeauftragter<br data-start=\"6348\" data-end=\"6351\" \/>Devrientstra\u00dfe 5<br data-start=\"6367\" data-end=\"6370\" \/>01067 Dresden<br data-start=\"6383\" data-end=\"6386\" \/>Web: <a class=\"decorated-link cursor-pointer\" target=\"_new\" rel=\"noopener\" data-start=\"6391\" data-end=\"6415\">https:\/\/www.saechsdsb.de<\/a><\/p><h3 data-start=\"6417\" data-end=\"6478\">12. Aktualit\u00e4t und \u00c4nderung dieser Datenschutzerkl\u00e4rung<\/h3><p data-start=\"6479\" data-end=\"6791\">Diese Datenschutzerkl\u00e4rung ist aktuell g\u00fcltig (Stand: November 2025). Durch Weiterentwicklung unserer Website oder aufgrund gesetzlicher bzw. beh\u00f6rdlicher Vorgaben kann es erforderlich werden, die Erkl\u00e4rung zu \u00e4ndern. Die jeweils aktuelle Version finden Sie auf unserer Website unter dem Men\u00fcpunkt \u201eDatenschutz\u201c.<\/p>\t\t\t\t\t\t\t\t<\/div>\n\t\t\t\t<\/div>\n\t\t\t\t\t<\/div>\n\t\t<\/div>\n\t\t\t\t\t<\/div>\n\t\t<\/section>\n\t\t\t\t<section class=\"elementor-section elementor-top-section elementor-element elementor-element-49850e14 elementor-section-content-middle elementor-section-boxed elementor-section-height-default elementor-section-height-default\" data-id=\"49850e14\" data-element_type=\"section\" data-e-type=\"section\" data-settings=\"{&quot;background_background&quot;:&quot;classic&quot;}\">\n\t\t\t\t\t\t<div class=\"elementor-container elementor-column-gap-default\">\n\t\t\t\t\t<div class=\"elementor-column elementor-col-100 elementor-top-column elementor-element elementor-element-4c34112d\" data-id=\"4c34112d\" data-element_type=\"column\" data-e-type=\"column\">\n\t\t\t<div class=\"elementor-widget-wrap elementor-element-populated\">\n\t\t\t\t\t\t<section class=\"elementor-section elementor-inner-section elementor-element elementor-element-cbc82c elementor-section-boxed elementor-section-height-default elementor-section-height-default\" data-id=\"cbc82c\" data-element_type=\"section\" data-e-type=\"section\">\n\t\t\t\t\t\t<div class=\"elementor-container elementor-column-gap-default\">\n\t\t\t\t\t<div class=\"elementor-column elementor-col-50 elementor-inner-column elementor-element elementor-element-4aecb643\" data-id=\"4aecb643\" data-element_type=\"column\" data-e-type=\"column\">\n\t\t\t<div class=\"elementor-widget-wrap elementor-element-populated\">\n\t\t\t\t\t\t<div class=\"elementor-element elementor-element-167b67a elementor-align-center elementor-widget elementor-widget-button\" data-id=\"167b67a\" data-element_type=\"widget\" data-e-type=\"widget\" data-widget_type=\"button.default\">\n\t\t\t\t<div class=\"elementor-widget-container\">\n\t\t\t\t\t\t\t\t\t<div class=\"elementor-button-wrapper\">\n\t\t\t\t\t<a class=\"elementor-button elementor-size-sm\" role=\"button\">\n\t\t\t\t\t\t<span class=\"elementor-button-content-wrapper\">\n\t\t\t\t\t\t\t\t\t<span class=\"elementor-button-text\">Mitf\u00fchlend. Fachkundig. Ursachen-orientiert.<\/span>\n\t\t\t\t\t<\/span>\n\t\t\t\t\t<\/a>\n\t\t\t\t<\/div>\n\t\t\t\t\t\t\t\t<\/div>\n\t\t\t\t<\/div>\n\t\t\t\t\t<\/div>\n\t\t<\/div>\n\t\t\t\t<div class=\"elementor-column elementor-col-50 elementor-inner-column elementor-element elementor-element-7a486fba\" data-id=\"7a486fba\" data-element_type=\"column\" data-e-type=\"column\">\n\t\t\t<div class=\"elementor-widget-wrap elementor-element-populated\">\n\t\t\t\t\t\t<div class=\"elementor-element elementor-element-6abb206f elementor-align-center elementor-tablet-align-center elementor-widget__width-initial elementor-widget elementor-widget-button\" data-id=\"6abb206f\" data-element_type=\"widget\" data-e-type=\"widget\" data-widget_type=\"button.default\">\n\t\t\t\t<div class=\"elementor-widget-container\">\n\t\t\t\t\t\t\t\t\t<div class=\"elementor-button-wrapper\">\n\t\t\t\t\t<a class=\"elementor-button elementor-button-link elementor-size-lg\" href=\"https:\/\/sachsenakupunktur.de\/?page_id=24\" id=\"Termin\">\n\t\t\t\t\t\t<span class=\"elementor-button-content-wrapper\">\n\t\t\t\t\t\t<span class=\"elementor-button-icon\">\n\t\t\t\t<i aria-hidden=\"true\" class=\"fas fa-angle-double-right\"><\/i>\t\t\t<\/span>\n\t\t\t\t\t\t\t\t\t<span class=\"elementor-button-text\">Termin holen<\/span>\n\t\t\t\t\t<\/span>\n\t\t\t\t\t<\/a>\n\t\t\t\t<\/div>\n\t\t\t\t\t\t\t\t<\/div>\n\t\t\t\t<\/div>\n\t\t\t\t\t<\/div>\n\t\t<\/div>\n\t\t\t\t\t<\/div>\n\t\t<\/section>\n\t\t\t\t\t<\/div>\n\t\t<\/div>\n\t\t\t\t\t<\/div>\n\t\t<\/section>\n\t\t\t\t<section class=\"elementor-section elementor-top-section elementor-element elementor-element-36671757 elementor-section-boxed elementor-section-height-default elementor-section-height-default\" data-id=\"36671757\" data-element_type=\"section\" data-e-type=\"section\">\n\t\t\t\t\t\t<div class=\"elementor-container elementor-column-gap-default\">\n\t\t\t\t\t<div class=\"elementor-column elementor-col-100 elementor-top-column elementor-element elementor-element-762dfbc9\" data-id=\"762dfbc9\" data-element_type=\"column\" data-e-type=\"column\">\n\t\t\t<div class=\"elementor-widget-wrap elementor-element-populated\">\n\t\t\t\t\t\t<section class=\"elementor-section elementor-inner-section elementor-element elementor-element-2f6e9f14 elementor-section-boxed elementor-section-height-default elementor-section-height-default\" data-id=\"2f6e9f14\" data-element_type=\"section\" data-e-type=\"section\">\n\t\t\t\t\t\t<div class=\"elementor-container elementor-column-gap-default\">\n\t\t\t\t\t<div class=\"elementor-column elementor-col-50 elementor-inner-column elementor-element elementor-element-610c530\" data-id=\"610c530\" data-element_type=\"column\" data-e-type=\"column\">\n\t\t\t<div class=\"elementor-widget-wrap elementor-element-populated\">\n\t\t\t\t\t\t<div class=\"elementor-element elementor-element-65e63f6d elementor-widget elementor-widget-text-editor\" data-id=\"65e63f6d\" data-element_type=\"widget\" data-e-type=\"widget\" data-widget_type=\"text-editor.default\">\n\t\t\t\t<div class=\"elementor-widget-container\">\n\t\t\t\t\t\t\t\t\t<p>Folgen Sie mir oder abonnieren Sie meinen Kanal, um aktuell zu bleiben.\u00a0 &gt;&gt;<\/p>\t\t\t\t\t\t\t\t<\/div>\n\t\t\t\t<\/div>\n\t\t\t\t\t<\/div>\n\t\t<\/div>\n\t\t\t\t<div class=\"elementor-column elementor-col-50 elementor-inner-column elementor-element elementor-element-60a87ef7\" data-id=\"60a87ef7\" data-element_type=\"column\" data-e-type=\"column\">\n\t\t\t<div class=\"elementor-widget-wrap elementor-element-populated\">\n\t\t\t\t\t\t<div class=\"elementor-element elementor-element-5878d45b e-grid-align-right e-grid-align-mobile-center elementor-shape-rounded elementor-grid-0 elementor-widget elementor-widget-social-icons\" data-id=\"5878d45b\" data-element_type=\"widget\" data-e-type=\"widget\" data-widget_type=\"social-icons.default\">\n\t\t\t\t<div class=\"elementor-widget-container\">\n\t\t\t\t\t\t\t<div class=\"elementor-social-icons-wrapper elementor-grid\" role=\"list\">\n\t\t\t\t\t\t\t<span class=\"elementor-grid-item\" role=\"listitem\">\n\t\t\t\t\t<a class=\"elementor-icon elementor-social-icon elementor-social-icon-facebook elementor-repeater-item-d66808e\" href=\"https:\/\/www.facebook.com\/tcmfleischer\/\" target=\"_blank\">\n\t\t\t\t\t\t<span class=\"elementor-screen-only\">Facebook<\/span>\n\t\t\t\t\t\t<i aria-hidden=\"true\" class=\"fab fa-facebook\"><\/i>\t\t\t\t\t<\/a>\n\t\t\t\t<\/span>\n\t\t\t\t\t\t\t<span class=\"elementor-grid-item\" role=\"listitem\">\n\t\t\t\t\t<a class=\"elementor-icon elementor-social-icon elementor-social-icon-youtube elementor-repeater-item-fc9725c\" href=\"https:\/\/www.youtube.com\/channel\/UCqYIxElwRLVBO52OTWFVQjw?view_as=subscriber\" target=\"_blank\">\n\t\t\t\t\t\t<span class=\"elementor-screen-only\">Youtube<\/span>\n\t\t\t\t\t\t<i aria-hidden=\"true\" class=\"fab fa-youtube\"><\/i>\t\t\t\t\t<\/a>\n\t\t\t\t<\/span>\n\t\t\t\t\t\t\t<span class=\"elementor-grid-item\" role=\"listitem\">\n\t\t\t\t\t<a class=\"elementor-icon elementor-social-icon elementor-social-icon-instagram elementor-repeater-item-46f0d93\" href=\"https:\/\/www.instagram.com\/akupunkturmeister\/\" target=\"_blank\">\n\t\t\t\t\t\t<span class=\"elementor-screen-only\">Instagram<\/span>\n\t\t\t\t\t\t<i aria-hidden=\"true\" class=\"fab fa-instagram\"><\/i>\t\t\t\t\t<\/a>\n\t\t\t\t<\/span>\n\t\t\t\t\t<\/div>\n\t\t\t\t\t\t<\/div>\n\t\t\t\t<\/div>\n\t\t\t\t\t<\/div>\n\t\t<\/div>\n\t\t\t\t\t<\/div>\n\t\t<\/section>\n\t\t\t\t\t<\/div>\n\t\t<\/div>\n\t\t\t\t\t<\/div>\n\t\t<\/section>\n\t\t\t\t<\/div>\n\t\t","protected":false},"excerpt":{"rendered":"<p>Mitf\u00fchlend. Fachkundig. Ursachen-orientiert. Termin holen Datenschutzerkl\u00e4rung Stand: November 2025 1. Verantwortliche Stelle SachsenAkupunkturInhaber: Stefan Fleischer-SeifertPflockenstra\u00dfe 3309376 Oelsnitz\/ErzgebirgeTelefon: 037298 \/ 404466Mobil: 0162 \/ 1893358E-Mail: info[at]sachsenakupunktur.de 2. Allgemeine Hinweise zur Datenverarbeitung Wir nehmen den Schutz Ihrer personenbezogenen Daten sehr ernst. Personenbezogene Daten werden vertraulich und entsprechend den gesetzlichen Datenschutzvorschriften (insbesondere DSGVO) sowie dieser Datenschutzerkl\u00e4rung behandelt.Die Nutzung unserer [&hellip;]<\/p>\n","protected":false},"author":1,"featured_media":0,"parent":0,"menu_order":0,"comment_status":"closed","ping_status":"closed","template":"","meta":{"ocean_post_layout":"","ocean_both_sidebars_style":"","ocean_both_sidebars_content_width":0,"ocean_both_sidebars_sidebars_width":0,"ocean_sidebar":"","ocean_second_sidebar":"","ocean_disable_margins":"enable","ocean_add_body_class":"","ocean_shortcode_before_top_bar":"","ocean_shortcode_after_top_bar":"","ocean_shortcode_before_header":"","ocean_shortcode_after_header":"","ocean_has_shortcode":"","ocean_shortcode_after_title":"","ocean_shortcode_before_footer_widgets":"","ocean_shortcode_after_footer_widgets":"","ocean_shortcode_before_footer_bottom":"","ocean_shortcode_after_footer_bottom":"","ocean_display_top_bar":"default","ocean_display_header":"default","ocean_header_style":"","ocean_center_header_left_menu":"","ocean_custom_header_template":"","ocean_custom_logo":0,"ocean_custom_retina_logo":0,"ocean_custom_logo_max_width":0,"ocean_custom_logo_tablet_max_width":0,"ocean_custom_logo_mobile_max_width":0,"ocean_custom_logo_max_height":0,"ocean_custom_logo_tablet_max_height":0,"ocean_custom_logo_mobile_max_height":0,"ocean_header_custom_menu":"","ocean_menu_typo_font_family":"","ocean_menu_typo_font_subset":"","ocean_menu_typo_font_size":0,"ocean_menu_typo_font_size_tablet":0,"ocean_menu_typo_font_size_mobile":0,"ocean_menu_typo_font_size_unit":"px","ocean_menu_typo_font_weight":"","ocean_menu_typo_font_weight_tablet":"","ocean_menu_typo_font_weight_mobile":"","ocean_menu_typo_transform":"","ocean_menu_typo_transform_tablet":"","ocean_menu_typo_transform_mobile":"","ocean_menu_typo_line_height":0,"ocean_menu_typo_line_height_tablet":0,"ocean_menu_typo_line_height_mobile":0,"ocean_menu_typo_line_height_unit":"","ocean_menu_typo_spacing":0,"ocean_menu_typo_spacing_tablet":0,"ocean_menu_typo_spacing_mobile":0,"ocean_menu_typo_spacing_unit":"","ocean_menu_link_color":"","ocean_menu_link_color_hover":"","ocean_menu_link_color_active":"","ocean_menu_link_background":"","ocean_menu_link_hover_background":"","ocean_menu_link_active_background":"","ocean_menu_social_links_bg":"","ocean_menu_social_hover_links_bg":"","ocean_menu_social_links_color":"","ocean_menu_social_hover_links_color":"","ocean_disable_title":"default","ocean_disable_heading":"default","ocean_post_title":"","ocean_post_subheading":"","ocean_post_title_style":"","ocean_post_title_background_color":"","ocean_post_title_background":0,"ocean_post_title_bg_image_position":"","ocean_post_title_bg_image_attachment":"","ocean_post_title_bg_image_repeat":"","ocean_post_title_bg_image_size":"","ocean_post_title_height":0,"ocean_post_title_bg_overlay":0.5,"ocean_post_title_bg_overlay_color":"","ocean_disable_breadcrumbs":"default","ocean_breadcrumbs_color":"","ocean_breadcrumbs_separator_color":"","ocean_breadcrumbs_links_color":"","ocean_breadcrumbs_links_hover_color":"","ocean_display_footer_widgets":"default","ocean_display_footer_bottom":"default","ocean_custom_footer_template":"","footnotes":""},"class_list":["post-10","page","type-page","status-publish","hentry","entry"],"_links":{"self":[{"href":"https:\/\/sachsenakupunktur.de\/index.php?rest_route=\/wp\/v2\/pages\/10","targetHints":{"allow":["GET"]}}],"collection":[{"href":"https:\/\/sachsenakupunktur.de\/index.php?rest_route=\/wp\/v2\/pages"}],"about":[{"href":"https:\/\/sachsenakupunktur.de\/index.php?rest_route=\/wp\/v2\/types\/page"}],"author":[{"embeddable":true,"href":"https:\/\/sachsenakupunktur.de\/index.php?rest_route=\/wp\/v2\/users\/1"}],"replies":[{"embeddable":true,"href":"https:\/\/sachsenakupunktur.de\/index.php?rest_route=%2Fwp%2Fv2%2Fcomments&post=10"}],"version-history":[{"count":34,"href":"https:\/\/sachsenakupunktur.de\/index.php?rest_route=\/wp\/v2\/pages\/10\/revisions"}],"predecessor-version":[{"id":3395,"href":"https:\/\/sachsenakupunktur.de\/index.php?rest_route=\/wp\/v2\/pages\/10\/revisions\/3395"}],"wp:attachment":[{"href":"https:\/\/sachsenakupunktur.de\/index.php?rest_route=%2Fwp%2Fv2%2Fmedia&parent=10"}],"curies":[{"name":"wp","href":"https:\/\/api.w.org\/{rel}","templated":true}]}}